{"id":9,"date":"2021-07-18T16:32:37","date_gmt":"2021-07-18T14:32:37","guid":{"rendered":"http:\/\/gpm-avocats.com\/?page_id=9"},"modified":"2021-08-16T18:58:50","modified_gmt":"2021-08-16T16:58:50","slug":"deals","status":"publish","type":"page","link":"https:\/\/gpm-avocats.com\/index.php\/deals\/","title":{"rendered":"Deals r\u00e9cents"},"content":{"rendered":"\n<h2><strong><span class=\"has-inline-color has-red-color\">LBO<\/span><\/strong><\/h2>\n\n\n\n<ul><li>Conseil de <a href=\"https:\/\/montefiore.fr\/\" data-type=\"URL\" data-id=\"https:\/\/montefiore.fr\/\">Montefiore Investment<\/a> pour la cession de <a href=\"https:\/\/www.cruiseline.eu\/fr.html\" data-type=\"URL\" data-id=\"https:\/\/www.cruiseline.eu\/fr.html\">Cruiseline<\/a>, acteur mon\u00e9gasque sp\u00e9cialis\u00e9 dans la vente en ligne de croisi\u00e8res  \u00e0 <strong>Ab\u00e9nex<\/strong>. (<a rel=\"noreferrer noopener\" aria-label=\"En savoir plus (opens in a new tab)\" href=\"http:\/\/ https:\/\/www.cfnews.net\/L-actualite\/LBO\/Operations\/LBO-Ter\/Cruiseline-voyage-vers-un-LBO-ter-323704\" target=\"_blank\">En savoir plus<\/a>)<\/li><\/ul>\n\n\n\n<h2><strong><span class=\"has-inline-color has-red-color\">M&amp;A<\/span><\/strong><\/h2>\n\n\n\n<ul><li>Conseil du <a rel=\"noreferrer noopener\" aria-label=\"Groupe SNEF (opens in a new tab)\" href=\"https:\/\/www.snef.fr\/snefpowerservices\/\" target=\"_blank\">Groupe SNEF<\/a>  pour l&rsquo;acquisition de l\u2019activit\u00e9 de g\u00e9nie \u00e9lectrique dans le secteur nucl\u00e9aire de la soci\u00e9t\u00e9 <strong>Alstom Power Service &#8211; Groupe General Electric<\/strong> (En savoir plus &#8211; <a rel=\"noreferrer noopener\" aria-label=\"Autorit\u00e9 de la Concurence (opens in a new tab)\" href=\"https:\/\/www.autoritedelaconcurrence.fr\/fr\/communiques-de-presse\/lautorite-donne-son-feu-vert-au-rachat-de-steam-power-delta-par-la-societe\" target=\"_blank\">Autorit\u00e9 de la Concurrence<\/a> &#8211; <a rel=\"noreferrer noopener\" aria-label=\"Nouvel Obs (opens in a new tab)\" href=\"https:\/\/www.nouvelobs.com\/economie\/20190911.OBS18272\/info-obs-general-electric-vend-le-nucleaire-francais-a-la-decoupe.html\" target=\"_blank\">Nouvel Obs<\/a>)<\/li><\/ul>\n\n\n\n<ul><li>Conseil du <a rel=\"noreferrer noopener\" href=\"https:\/\/www.snef.fr\/snefpowerservices\/\" target=\"_blank\">Groupe SNEF<\/a> pour l&rsquo;acquisition du <a rel=\"noreferrer noopener\" href=\"http:\/\/fourelagadec.com\/\" data-type=\"URL\" data-id=\"http:\/\/fourelagadec.com\/\" target=\"_blank\">Groupe Four\u00e9 Lagadec<\/a>, bas\u00e9 au Havre dans le secteur des m\u00e9tiers de maintenance m\u00e9canique industrielle(En savoir plus<a rel=\"noreferrer noopener\" href=\"https:\/\/www.natixispartners.com\/transaction\/foure-lagadec\/\" data-type=\"URL\" data-id=\"https:\/\/www.natixispartners.com\/transaction\/foure-lagadec\/\" target=\"_blank\"> Natixis<\/a>)<\/li><\/ul>\n\n\n\n<ul><li>Conseil du <a rel=\"noreferrer noopener\" href=\"https:\/\/www.snef.fr\/snefpowerservices\/\" target=\"_blank\">Groupe SNEF<\/a> pour l&rsquo;acquisition du <a href=\"http:\/\/ekium.eu(opens in a new tab)\" target=\"_blank\" rel=\"noreferrer noopener\">Groupe Ekium<\/a>, leader fran\u00e7ais de l\u2019Ing\u00e9nierie intervenant aupr\u00e8s des industries de proc\u00e9d\u00e9s en ma\u00eetrise d\u2019\u0153uvre, conception, r\u00e9alisation et automation aupr\u00e8s du fonds luxembourgeois <strong>Platina Equity Solutions<\/strong> (En savoir plus &#8211; <a href=\"https:\/\/capitalfinance.lesechos.fr\/deals\/sortie\/platina-cede-lentreprise-dingenierie-ekium-a-snef-115768\" data-type=\"URL\" data-id=\"https:\/\/capitalfinance.lesechos.fr\/deals\/sortie\/platina-cede-lentreprise-dingenierie-ekium-a-snef-115768\">Les Echos Capital Finance<\/a>)<\/li><\/ul>\n\n\n\n<ul><li>Conseil du <a rel=\"noreferrer noopener\" href=\"http:\/\/ekium.eu(opens in a new tab)\" target=\"_blank\">Groupe Ekium<\/a> pour l&rsquo;acquisition du Groupe Ateim Ing\u00e9nierie (En savoir plus <a rel=\"noreferrer noopener\" href=\"https:\/\/ecomnews.fr\/article\/Lyon-ekium-rachete-trois-societes-ingenierie-industrielle-objectifs-strategiques\" data-type=\"URL\" data-id=\"https:\/\/ecomnews.fr\/article\/Lyon-ekium-rachete-trois-societes-ingenierie-industrielle-objectifs-strategiques\" target=\"_blank\">Ecomnews<\/a>)<\/li><\/ul>\n\n\n\n<ul><li>Conseil du <a rel=\"noreferrer noopener\" href=\"http:\/\/Groupe Ponroy Sant\u00e9\" target=\"_blank\">Groupe Ponroy Sant\u00e9<\/a> accompagn\u00e9e par 3i, aux c\u00f4t\u00e9s de Cathay Capital,  pour l&rsquo;acquisition de la soci\u00e9t\u00e9 anonyme mon\u00e9gasque DENSMORE SAM, sp\u00e9cialis\u00e9e dans les compl\u00e9ments alimentaires et les dispositifs m\u00e9dicaux ophtalmiques (<a rel=\"noreferrer noopener\" aria-label=\"En savoir plus (opens in a new tab)\" href=\"https:\/\/capitalfinance.lesechos.fr\/deals\/build-up\/ponroy-renforce-son-portefeuille-ophtalmique-avec-densmore-128677\" target=\"_blank\">En savoir plus<\/a>)<\/li><\/ul>\n\n\n\n<ul><li>Conseil du papetier fran\u00e7ais <a rel=\"noreferrer noopener\" href=\"https:\/\/fr.hamelinbrands.com\/groupe-hamelin\/\" data-type=\"URL\" data-id=\"https:\/\/fr.hamelinbrands.com\/groupe-hamelin\/\" target=\"_blank\">Hamelin<\/a> pour la cession du Groupe <a rel=\"noreferrer noopener\" href=\"https:\/\/www.canson.com\/\" data-type=\"URL\" data-id=\"https:\/\/www.canson.com\/\" target=\"_blank\">Canson<\/a> \u00e0 la soci\u00e9t\u00e9 italienne Fila (En savoir plus &#8211; <a rel=\"noreferrer noopener\" href=\"https:\/\/www.ouest-france.fr\/normandie\/caen-14000\/le-groupe-normand-hamelin-vend-canson-au-groupe-italien-fila-4540070\" data-type=\"URL\" data-id=\"https:\/\/www.ouest-france.fr\/normandie\/caen-14000\/le-groupe-normand-hamelin-vend-canson-au-groupe-italien-fila-4540070\" target=\"_blank\">Ouest France<\/a> &#8211; <a rel=\"noreferrer noopener\" href=\"https:\/\/france3-regions.francetvinfo.fr\/normandie\/calvados\/caen\/hamelin-vend-canson-se-recentre-son-metier-toujours-1102937.html\" data-type=\"URL\" data-id=\"https:\/\/france3-regions.francetvinfo.fr\/normandie\/calvados\/caen\/hamelin-vend-canson-se-recentre-son-metier-toujours-1102937.html\" target=\"_blank\">France 3<\/a> &#8211; <a rel=\"noreferrer noopener\" href=\"https:\/\/www.usinenouvelle.com\/article\/canson-dans-les-petits-papiers-du-groupe-italien-fila.N447927\" data-type=\"URL\" data-id=\"https:\/\/www.usinenouvelle.com\/article\/canson-dans-les-petits-papiers-du-groupe-italien-fila.N447927\" target=\"_blank\">Usine Nouvelle<\/a>)<\/li><\/ul>\n\n\n\n<p><\/p>\n","protected":false},"excerpt":{"rendered":"<p>LBO Conseil de Montefiore Investment pour la cession de Cruiseline, acteur mon\u00e9gasque sp\u00e9cialis\u00e9 dans la vente en ligne de croisi\u00e8res \u00e0 Ab\u00e9nex. (En savoir plus) M&amp;A Conseil du Groupe SNEF pour l&rsquo;acquisition de l\u2019activit\u00e9 de g\u00e9nie \u00e9lectrique dans le secteur nucl\u00e9aire de la soci\u00e9t\u00e9 Alstom Power Service &#8211; Groupe General Electric (En savoir plus &#8211; Autorit\u00e9 de la Concurrence &#8211; [&hellip;]<\/p>\n","protected":false},"author":1,"featured_media":0,"parent":0,"menu_order":0,"comment_status":"closed","ping_status":"closed","template":"","meta":[],"_links":{"self":[{"href":"https:\/\/gpm-avocats.com\/index.php\/wp-json\/wp\/v2\/pages\/9"}],"collection":[{"href":"https:\/\/gpm-avocats.com\/index.php\/wp-json\/wp\/v2\/pages"}],"about":[{"href":"https:\/\/gpm-avocats.com\/index.php\/wp-json\/wp\/v2\/types\/page"}],"author":[{"embeddable":true,"href":"https:\/\/gpm-avocats.com\/index.php\/wp-json\/wp\/v2\/users\/1"}],"replies":[{"embeddable":true,"href":"https:\/\/gpm-avocats.com\/index.php\/wp-json\/wp\/v2\/comments?post=9"}],"version-history":[{"count":6,"href":"https:\/\/gpm-avocats.com\/index.php\/wp-json\/wp\/v2\/pages\/9\/revisions"}],"predecessor-version":[{"id":101,"href":"https:\/\/gpm-avocats.com\/index.php\/wp-json\/wp\/v2\/pages\/9\/revisions\/101"}],"wp:attachment":[{"href":"https:\/\/gpm-avocats.com\/index.php\/wp-json\/wp\/v2\/media?parent=9"}],"curies":[{"name":"wp","href":"https:\/\/api.w.org\/{rel}","templated":true}]}}