{"id":72,"date":"2021-08-08T21:51:54","date_gmt":"2021-08-08T19:51:54","guid":{"rendered":"http:\/\/gpm-avocats.com\/?page_id=72"},"modified":"2021-08-16T17:35:39","modified_gmt":"2021-08-16T15:35:39","slug":"competences-2","status":"publish","type":"page","link":"https:\/\/gpm-avocats.com\/index.php\/competences-2\/","title":{"rendered":"Nos services"},"content":{"rendered":"\n<p><strong><span class=\"has-inline-color has-red-color\">SERVICES AUX ENTREPRISES<\/span><\/strong><\/p>\n\n\n\n<ul><li><strong>Fusions et acquisitions &#8211; <em>private equity<\/em> <\/strong><ul><li>Share &amp; asset deals\u00a0(fonds et industriels) notamment dans les secteurs pharmaceutique \u2013 g\u00e9nie \u00e9lectrique \u2013 papeterie \u2013 m\u00e9dias et nouvelles technologies etc. <\/li><li>Op\u00e9rations de restructuration interne ou pr\u00e9paratoires aux op\u00e9rations transactionnelles (constitutions de filiales &#8211; <em>joint ventures &#8211; carve-out<\/em> &#8211; transmissions universelles de patrimoine etc.)<\/li><li>Op\u00e9rations sur le capital (entr\u00e9e d\u2019actionnaires minoritaires ou majoritaires) <\/li><li>Organisation de gouvernance (Structurations de groupe de soci\u00e9t\u00e9s &#8211; choix de v\u00e9hicules adapt\u00e9s &#8211; accords d\u2019actionnaires complexes etc.)<\/li><\/ul><\/li><\/ul>\n\n\n\n<ul><li><strong>Contrats commerciaux, partenariats et financement de projets internationaux<\/strong><ul><li>Contrats commerciaux \u00ab\u00a0classiques\u00a0\u00bb (sous-traitance &#8211; distribution &#8211; licences etc.)<\/li><li>CGV<\/li><li>Baux commerciaux<\/li><\/ul><\/li><\/ul>\n\n\n\n<ul><li><strong>Droit des soci\u00e9t\u00e9s<\/strong><ul><li>Constitution de soci\u00e9t\u00e9s<\/li><\/ul><ul><li>Secr\u00e9tariat juridique (approbation de comptes &#8211; assembl\u00e9es g\u00e9n\u00e9rales &#8211; board meetings etc.)<\/li><\/ul><\/li><\/ul>\n\n\n\n<p><strong><span class=\"has-inline-color has-red-color\">SERVICES AUX PERSONNES PHYSIQUES ET ORGANISATIONS FAMILIALES<\/span><\/strong><\/p>\n\n\n\n<ul><li><strong>Successions et organisations familiales et successorales<\/strong><ul><li>Mise en place d&rsquo;instruments testamentaires<\/li><li>Accompagnement dans le r\u00e8glement de successions<\/li><li>Accompagnement de transmission d&rsquo;entreprise (mise en place d&rsquo;outils de gouvernance familiale &#8211; pactes Dutreil etc.)<\/li><\/ul><\/li><\/ul>\n\n\n\n<ul><li><strong>Successions et successorales internationales<\/strong><ul><li>D\u00e9termination et application des r\u00e8gles de conflits de lois et juridictions applicables<\/li><li>Conseil en mati\u00e8re de choix de lois en fonction des analyses des lois potentiellement applicables<\/li><li>Instruments alternatifs (trusts \u2013 fondations \u2013 fonds d\u2019investissement priv\u00e9s etc.)\u00a0<\/li><li>Mise en \u0153uvre (mise en place de solutions complexes i.e. changement de r\u00e9gime matrimoniaux \u2013 pactes successoraux etc. \u2013 constitution et administration de structures complexes \u2013 coordination de correspondants \u00e9trangers \u2013 r\u00e9daction d\u2019actes i.e. testaments, contrats de mariage etc.)<\/li><\/ul><\/li><\/ul>\n\n\n\n<ul><li><strong>Family Office<\/strong><ul><li>Structuration et mise en place d\u2019organisations de protection d\u2019actifs (e.g.<em> trusts, <\/em>Soci\u00e9t\u00e9s \u00ab&nbsp;holding<em>&nbsp;\u00bb<\/em>, Fonds d\u2019investissement priv\u00e9s, <em>LLCs<\/em>, <em>LLPs<\/em> etc.) <\/li><li>Proc\u00e9dures d\u2019investissement (Fonds PE \u2013 Venture \u2013 Long Only etc.)<\/li><li>Revue de PPMs et de documents de souscription &#8211; n\u00e9gociation de <em>side<\/em> <em>letters<\/em> etc. <\/li><li>Mise en place et suivi des proc\u00e9dures AML et KYC<\/li><\/ul><\/li><\/ul>\n\n\n\n<p><\/p>\n","protected":false},"excerpt":{"rendered":"<p>SERVICES AUX ENTREPRISES Fusions et acquisitions &#8211; private equity Share &amp; asset deals\u00a0(fonds et industriels) notamment dans les secteurs pharmaceutique \u2013 g\u00e9nie \u00e9lectrique \u2013 papeterie \u2013 m\u00e9dias et nouvelles technologies etc. Op\u00e9rations de restructuration interne ou pr\u00e9paratoires aux op\u00e9rations transactionnelles (constitutions de filiales &#8211; joint ventures &#8211; carve-out &#8211; transmissions universelles de patrimoine etc.) Op\u00e9rations sur le capital (entr\u00e9e d\u2019actionnaires [&hellip;]<\/p>\n","protected":false},"author":1,"featured_media":0,"parent":0,"menu_order":0,"comment_status":"closed","ping_status":"closed","template":"","meta":[],"_links":{"self":[{"href":"https:\/\/gpm-avocats.com\/index.php\/wp-json\/wp\/v2\/pages\/72"}],"collection":[{"href":"https:\/\/gpm-avocats.com\/index.php\/wp-json\/wp\/v2\/pages"}],"about":[{"href":"https:\/\/gpm-avocats.com\/index.php\/wp-json\/wp\/v2\/types\/page"}],"author":[{"embeddable":true,"href":"https:\/\/gpm-avocats.com\/index.php\/wp-json\/wp\/v2\/users\/1"}],"replies":[{"embeddable":true,"href":"https:\/\/gpm-avocats.com\/index.php\/wp-json\/wp\/v2\/comments?post=72"}],"version-history":[{"count":5,"href":"https:\/\/gpm-avocats.com\/index.php\/wp-json\/wp\/v2\/pages\/72\/revisions"}],"predecessor-version":[{"id":92,"href":"https:\/\/gpm-avocats.com\/index.php\/wp-json\/wp\/v2\/pages\/72\/revisions\/92"}],"wp:attachment":[{"href":"https:\/\/gpm-avocats.com\/index.php\/wp-json\/wp\/v2\/media?parent=72"}],"curies":[{"name":"wp","href":"https:\/\/api.w.org\/{rel}","templated":true}]}}