{"id":6,"date":"2021-07-18T16:32:12","date_gmt":"2021-07-18T14:32:12","guid":{"rendered":"http:\/\/gpm-avocats.com\/?page_id=6"},"modified":"2021-08-16T18:44:59","modified_gmt":"2021-08-16T16:44:59","slug":"experience","status":"publish","type":"page","link":"https:\/\/gpm-avocats.com\/index.php\/experience\/","title":{"rendered":"Exp\u00e9rience"},"content":{"rendered":"\n<p><strong>Gordon S. Blair (Gen\u00e8ve \/ Monaco 2009 -2020) \u2013 Avocat <strong> \u2013 <\/strong>Senior  Counsel<\/strong><\/p>\n\n\n\n<p>Geoffroy Michaux a dirig\u00e9 le d\u00e9partement droit international priv\u00e9 &#8211; successions internationales  du cabinet Gordon S. Blair de 2015 \u00e0 2020. Il a \u00e9galement co-fond\u00e9 le d\u00e9partement Corporate &#8211; M&amp;A de ce m\u00eame cabinet \u00e0 partir de 2016.  <\/p>\n\n\n\n<p>Pr\u00e9c\u00e9demment, Geoffroy a \u00e9galement exerc\u00e9 des missions de secr\u00e9tariat g\u00e9n\u00e9ral aupr\u00e8s de <em>family offices<\/em>, au sein desquels il a notamment \u00e9t\u00e9 charg\u00e9 de la restructuration d&rsquo;organisations familiales et de la supervision juridique des investissements financiers (fonds d&rsquo;investissements \/ investissements immobiliers). <\/p>\n\n\n\n<p><strong>Lenz &amp; Staehelin (Gen\u00e8ve <strong>2013 &#8211; 2015<\/strong>) &#8211; Avocat<\/strong><\/p>\n\n\n\n<p>Geoffroy Michaux a accompagn\u00e9 deux des principales banques priv\u00e9es suisses dans la revue de leur portefeuille de clients \u00e9trangers (respect des proc\u00e9dures KYC et AML etc.) dans le cadre du &nbsp;programme de r\u00e9gularisation des banques suisses aux Etats-Unis.<\/p>\n\n\n\n<p><strong>Winston &amp; Strawn LLP (Paris 2006 -2009) \u2013 Avocat<\/strong><\/p>\n\n\n\n<ul><li>Droit des marches financiers (Introductions en bourse (IPOs) et \u00e9mission de valeurs mobili\u00e8res sur les march\u00e9s financiers (Espagne \u2013 France \u2013 USA); <\/li><li>Droit des affaires et des soci\u00e9t\u00e9s.<\/li><\/ul>\n\n\n\n<p><strong>Cuatrecasas LLP (Barcelone 2005 &#8211; 2006) \u2013 Avocat <\/strong><\/p>\n\n\n\n<ul><li>Droit des marches financiers (Introductions en bourse (IPOs) et \u00e9mission de valeurs mobili\u00e8res sur les march\u00e9s financiers (Espagne \u2013 France \u2013 USA); <\/li><li>Droit des affaires et des soci\u00e9t\u00e9s.<\/li><\/ul>\n\n\n\n<h1 class=\"alignfull has-text-align-center\">   Formation<\/h1>\n\n\n\n<p><strong>Avocat aux barreaux de Madrid (2003), Paris (2007), New York (2007) et Gen\u00e8ve, en qualit\u00e9 d&rsquo;avocat \u00e9tranger (2009)<\/strong><\/p>\n\n\n\n<p><strong>STEP\u00a0(Gen\u00e8ve) <\/strong><\/p>\n\n\n\n<ul><li>Swiss Advance Certificate in Trust Management \u00a0<\/li><\/ul>\n\n\n\n<p><strong>Acad\u00e9mie de Droit International de La Haye (Pays Bas)\u00a0<\/strong><\/p>\n\n\n\n<ul><li>Cours g\u00e9n\u00e9ral &#8211; Session Droit International Priv\u00e9<\/li><\/ul>\n\n\n\n<p><strong>Cornell Law School (Ithaca \u2013 New York) <\/strong><\/p>\n\n\n\n<ul><li>LLM<\/li><\/ul>\n\n\n\n<p><strong><strong>Universit\u00e9 Paris I \u2013 Panth\u00e9on Sorbonne<\/strong> <\/strong><\/p>\n\n\n\n<ul><li>Master 2 \u2013 DESS Droit du Commerce Ext\u00e9rieur<\/li><li>Master 1 Droit Fran\u00e7ais et espagnol<\/li><\/ul>\n\n\n\n<p><strong>Universidad Complutense de Madrid<\/strong><\/p>\n\n\n\n<ul><li><em>Licenciatura en derecho<\/em> <em>hispano-franc\u00e9s<\/em><\/li><\/ul>\n\n\n\n<p><\/p>\n","protected":false},"excerpt":{"rendered":"<p>Gordon S. Blair (Gen\u00e8ve \/ Monaco 2009 -2020) \u2013 Avocat \u2013 Senior Counsel Geoffroy Michaux a dirig\u00e9 le d\u00e9partement droit international priv\u00e9 &#8211; successions internationales du cabinet Gordon S. Blair de 2015 \u00e0 2020. Il a \u00e9galement co-fond\u00e9 le d\u00e9partement Corporate &#8211; M&amp;A de ce m\u00eame cabinet \u00e0 partir de 2016. Pr\u00e9c\u00e9demment, Geoffroy a \u00e9galement exerc\u00e9 des missions de secr\u00e9tariat [&hellip;]<\/p>\n","protected":false},"author":1,"featured_media":25,"parent":0,"menu_order":0,"comment_status":"closed","ping_status":"closed","template":"","meta":[],"_links":{"self":[{"href":"https:\/\/gpm-avocats.com\/index.php\/wp-json\/wp\/v2\/pages\/6"}],"collection":[{"href":"https:\/\/gpm-avocats.com\/index.php\/wp-json\/wp\/v2\/pages"}],"about":[{"href":"https:\/\/gpm-avocats.com\/index.php\/wp-json\/wp\/v2\/types\/page"}],"author":[{"embeddable":true,"href":"https:\/\/gpm-avocats.com\/index.php\/wp-json\/wp\/v2\/users\/1"}],"replies":[{"embeddable":true,"href":"https:\/\/gpm-avocats.com\/index.php\/wp-json\/wp\/v2\/comments?post=6"}],"version-history":[{"count":9,"href":"https:\/\/gpm-avocats.com\/index.php\/wp-json\/wp\/v2\/pages\/6\/revisions"}],"predecessor-version":[{"id":103,"href":"https:\/\/gpm-avocats.com\/index.php\/wp-json\/wp\/v2\/pages\/6\/revisions\/103"}],"wp:featuredmedia":[{"embeddable":true,"href":"https:\/\/gpm-avocats.com\/index.php\/wp-json\/wp\/v2\/media\/25"}],"wp:attachment":[{"href":"https:\/\/gpm-avocats.com\/index.php\/wp-json\/wp\/v2\/media?parent=6"}],"curies":[{"name":"wp","href":"https:\/\/api.w.org\/{rel}","templated":true}]}}