{"id":5,"date":"2021-07-18T16:32:23","date_gmt":"2021-07-18T14:32:23","guid":{"rendered":"http:\/\/gpm-avocats.com\/?page_id=5"},"modified":"2022-02-03T18:43:12","modified_gmt":"2022-02-03T17:43:12","slug":"presentation","status":"publish","type":"page","link":"https:\/\/gpm-avocats.com\/","title":{"rendered":"Qui sommes nous?"},"content":{"rendered":"\n<p>GPM Avocats est un cabinet d&rsquo;avocats pr\u00e9sent \u00e0 Paris et sur la C\u00f4te d&rsquo;Azur, fond\u00e9 par Me Geoffroy Michaux, avocat \u00e0 la Cour, admis aux barreaux de Paris, Madrid, New York et Gen\u00e8ve.<\/p>\n\n\n\n<div class=\"wp-block-image\"><figure class=\"alignright is-resized\"><img loading=\"lazy\" src=\"http:\/\/gpm-avocats.com\/wp-content\/uploads\/2021\/07\/al19_GSB_portraits_GEMI_020-684x1024.jpg\" alt=\"\" class=\"wp-image-46\" width=\"282\" height=\"423\"\/><\/figure><\/div>\n\n\n\n<p>GPM Avocats accompagne une client\u00e8le principalement compos\u00e9e d&rsquo;entrepreneurs,  d&rsquo;hommes et femmes d&rsquo;affaires et d&rsquo;entreprises et de groupes familiaux dans leur d\u00e9veloppement (op\u00e9rations \u00ab\u00a0corporate\u00a0\u00bb de croissance et de restructuration, dites de \u00ab\u00a0haut de bilan\u00a0\u00bb : acquisitions, cessions, prises de participations, entr\u00e9e au capital d&rsquo;investisseurs etc.), et dans la protection de leur mod\u00e8le familial et la transmission de leur patrimoine aux g\u00e9n\u00e9rations futures.  <\/p>\n\n\n\n<p>Notre cabinet accompagne \u00e9galement des fonds d&rsquo;investissement dans des op\u00e9rations de prise de participations majoritaires ou minoritaires dans des groupes familiaux. <\/p>\n\n\n\n<p><strong>Dans son versant \u00ab\u00a0<em>Corporate<\/em>\u00ab\u00a0<\/strong>, notre r\u00f4le consiste \u00e0 organiser et accompagner nos clients dans la conduite de transactions d&rsquo;entreprises, depuis la phases de pr\u00e9paration (n\u00e9gociation et r\u00e9daction de garanties de confidentialit\u00e9s \u2013 r\u00e9alisation d\u2019audits juridiques \u2013 n\u00e9gociations de <em>term sheet<\/em>), \u00e0 la n\u00e9gociation des conditions de la transaction, et \u00e0 la r\u00e9daction de la documentation contractuelle (i.e. contrat de cession d&rsquo;actions ou d&rsquo;actifs,  garanties d&rsquo;actifs et de passifs, documents annexes) jusqu&rsquo;\u00e0 la r\u00e9alisation pratique des op\u00e9rations (lev\u00e9e des conditions suspensives \u2013 <em>closing<\/em> etc.) <\/p>\n\n\n\n<p>Partant du principe qu&rsquo;un accompagnement de qualit\u00e9 implique un engagement de long terme, qui suppose une connaissance intime de l&rsquo;entreprise, de ses march\u00e9s, et des enjeux poursuivis, ainsi que des circonstances et objectifs sp\u00e9cifiques aux actionnaires et aux dirigeants, GPM Avocats accompagne \u00e9galement ses clients dans la vie quotidienne de leurs entreprises (constitution d&rsquo;entit\u00e9s juridiques &#8211; secr\u00e9tariat juridique &#8211; droit commercial et des contrats &#8211; propri\u00e9t\u00e9 intellectuelle &#8211; conformit\u00e9 RGPD etc.)<\/p>\n\n\n\n<p><strong>Dans son versant \u00ab\u00a0Priv\u00e9\u00a0\u00bb, <\/strong>nous accompagnons \u00e9galement nos clients personnes physiques (chefs d&rsquo;entreprise &#8211; femmes et hommes d&rsquo;affaires &#8211; familles \u00ab\u00a0internationales\u00a0\u00bb etc.) dans leurs probl\u00e9matiques de structuration et de transmission patrimoniale, y compris et notamment dans un cadre transfrontalier (transmission d&rsquo;entreprise &#8211; acquisition et protection d&rsquo;actifs &#8211; mariages &#8211; successions &#8211; droit international priv\u00e9 et des conflits de lois &#8211; <em>trusts <\/em>etc.). <\/p>\n\n\n\n<p>Fort d&rsquo;une exp\u00e9rience de pr\u00e8s de 15 ans de son fondateur en Suisse et \u00e0 Monaco aupr\u00e8s de structures familiales, GPM Avocats propose \u00e9galement un accompagnement de type FAMILY OFFICE (organisation de patrimoine &#8211; structures d&rsquo;investissement &#8211; due diligence investisseurs etc.).<\/p>\n\n\n\n<p>GPM Avocats dispose d&rsquo;un large r\u00e9seau de correspondants dans les principales juridictions europ\u00e9ennes, construit au cours des quinze derni\u00e8res ann\u00e9es dans toutes les mati\u00e8res du droit (droit fiscal &#8211; droit social &#8211; droit de la concurrence &#8211; droit bancaire &#8211; <em>regulatory<\/em>),  et au del\u00e0, de professionnels de d&rsquo;investissement (banques, fonds etc.) et de l&rsquo;immobilier (notaires &#8211; agents) qui nous permet d&rsquo;assister nos clients sur l&rsquo;ensemble de leurs projets d&rsquo;entreprises ou personnels.  <\/p>\n\n\n\n<p><\/p>\n\n\n\n<p><\/p>\n\n\n\n<p><\/p>\n","protected":false},"excerpt":{"rendered":"<p>GPM Avocats est un cabinet d&rsquo;avocats pr\u00e9sent \u00e0 Paris et sur la C\u00f4te d&rsquo;Azur, fond\u00e9 par Me Geoffroy Michaux, avocat \u00e0 la Cour, admis aux barreaux de Paris, Madrid, New York et Gen\u00e8ve. GPM Avocats accompagne une client\u00e8le principalement compos\u00e9e d&rsquo;entrepreneurs, d&rsquo;hommes et femmes d&rsquo;affaires et d&rsquo;entreprises et de groupes familiaux dans leur d\u00e9veloppement (op\u00e9rations \u00ab\u00a0corporate\u00a0\u00bb de croissance et de [&hellip;]<\/p>\n","protected":false},"author":1,"featured_media":0,"parent":0,"menu_order":0,"comment_status":"closed","ping_status":"closed","template":"","meta":[],"_links":{"self":[{"href":"https:\/\/gpm-avocats.com\/index.php\/wp-json\/wp\/v2\/pages\/5"}],"collection":[{"href":"https:\/\/gpm-avocats.com\/index.php\/wp-json\/wp\/v2\/pages"}],"about":[{"href":"https:\/\/gpm-avocats.com\/index.php\/wp-json\/wp\/v2\/types\/page"}],"author":[{"embeddable":true,"href":"https:\/\/gpm-avocats.com\/index.php\/wp-json\/wp\/v2\/users\/1"}],"replies":[{"embeddable":true,"href":"https:\/\/gpm-avocats.com\/index.php\/wp-json\/wp\/v2\/comments?post=5"}],"version-history":[{"count":15,"href":"https:\/\/gpm-avocats.com\/index.php\/wp-json\/wp\/v2\/pages\/5\/revisions"}],"predecessor-version":[{"id":119,"href":"https:\/\/gpm-avocats.com\/index.php\/wp-json\/wp\/v2\/pages\/5\/revisions\/119"}],"wp:attachment":[{"href":"https:\/\/gpm-avocats.com\/index.php\/wp-json\/wp\/v2\/media?parent=5"}],"curies":[{"name":"wp","href":"https:\/\/api.w.org\/{rel}","templated":true}]}}